{"id":21305,"date":"2026-03-23T18:10:36","date_gmt":"2026-03-23T17:10:36","guid":{"rendered":"https:\/\/saitec-offshore.com\/?page_id=21305"},"modified":"2026-03-30T10:50:28","modified_gmt":"2026-03-30T08:50:28","slug":"sot-anniversary","status":"publish","type":"page","link":"https:\/\/saitec-offshore.com\/es\/sot-anniversary\/","title":{"rendered":"Celebra con nosotros una d\u00e9cada en el sector de la energ\u00eda e\u00f3lica marina"},"content":{"rendered":"<div class=\"wp-block-image\">\n<figure class=\"alignleft size-full is-resized\"><img loading=\"lazy\" decoding=\"async\" width=\"591\" height=\"312\" src=\"https:\/\/saitec-offshore.com\/wp-content\/uploads\/2026\/03\/A-decade-in-the-floating-wind-5000-x-1536-px-591-x-312-px-9.png\" alt=\"\" class=\"wp-image-21550\" style=\"width:574px;height:auto\" srcset=\"https:\/\/saitec-offshore.com\/wp-content\/uploads\/2026\/03\/A-decade-in-the-floating-wind-5000-x-1536-px-591-x-312-px-9.png 591w, https:\/\/saitec-offshore.com\/wp-content\/uploads\/2026\/03\/A-decade-in-the-floating-wind-5000-x-1536-px-591-x-312-px-9-300x158.png 300w, https:\/\/saitec-offshore.com\/wp-content\/uploads\/2026\/03\/A-decade-in-the-floating-wind-5000-x-1536-px-591-x-312-px-9-150x79.png 150w, https:\/\/saitec-offshore.com\/wp-content\/uploads\/2026\/03\/A-decade-in-the-floating-wind-5000-x-1536-px-591-x-312-px-9-18x10.png 18w, https:\/\/saitec-offshore.com\/wp-content\/uploads\/2026\/03\/A-decade-in-the-floating-wind-5000-x-1536-px-591-x-312-px-9-260x137.png 260w, https:\/\/saitec-offshore.com\/wp-content\/uploads\/2026\/03\/A-decade-in-the-floating-wind-5000-x-1536-px-591-x-312-px-9-50x26.png 50w, https:\/\/saitec-offshore.com\/wp-content\/uploads\/2026\/03\/A-decade-in-the-floating-wind-5000-x-1536-px-591-x-312-px-9-142x75.png 142w\" sizes=\"(max-width: 591px) 100vw, 591px\" \/><\/figure><\/div>\n\n\n<div style=\"height:47px\" aria-hidden=\"true\" class=\"wp-block-spacer\"><\/div>\n\n\n\n<div class=\"wp-block-columns is-layout-flex wp-container-core-columns-is-layout-1 wp-block-columns-is-layout-flex\">\n<div class=\"wp-block-column is-layout-flow wp-block-column-is-layout-flow\">\n<h3 class=\"wp-block-heading\">\u00a1\u00danete al aniversario de Saitec Offshore!<\/h3>\n\n\n\n<h6 class=\"wp-block-heading\"><strong>Nos alegra invitarle al encuentro organizado por Saitec Offshore y WFO. <\/strong><\/h6>\n\n\n\n<p>This event celebrates a decade of innovation, technology, and expertise dedicated to tackling the greatest challenges in renewable energy generation.<br><br>Over the past decade, Saitec Offshore has transformed innovative ideas into real progress, advancing floating wind technology and paving the way toward a more sustainable offshore future. Transforming a vision into real, proven technology. From the first prototypes to full-scale offshore demonstrations, our journey has always been guided by innovation, collaboration, and a shared dedication to harnessing the power of the ocean responsibly.<\/p>\n\n\n\n<p class=\"translation-block\">Acomp\u00e1\u00f1anos mientras revelamos el pr\u00f3ximo cap\u00edtulo de nuestra trayectoria. Daremos a conocer <strong>de forma exclusiva los \u00faltimos avances en nuestra tecnolog\u00eda SATH<\/strong>.<\/p>\n\n\n\n<p>Ven y disfruta de una velada de networking y celebraci\u00f3n con compa\u00f1eros de la industria y amigos que comparten nuestra visi\u00f3n de futuro de la energ\u00eda e\u00f3lica marina.<\/p>\n\n\n\n<p><strong>El aforo es limitado. Por favor, confirme su asistencia.<\/strong><\/p>\n\n\n\n<h3 class=\"wp-block-heading\"><\/h3>\n\n\n\n<div style=\"font-family: system-ui, -apple-system, sans-serif; max-width: 400px;\">\n  <h2 style=\"font-size: 22px; font-weight: 700; color: #003355; margin-bottom: 24px; margin-top: 0;\">\n    Detalles del evento:\n  <\/h2>\n\n  <div style=\"display: flex; flex-direction: column; gap: 20px;\">\n    \n    <div style=\"display: flex; align-items: flex-start; gap: 12px;\">\n      <svg xmlns=\"http:\/\/www.w3.org\/2000\/svg\" style=\"width: 20px; height: 20px; color: #1073a6; margin-top: 2px;\" viewbox=\"0 0 24 24\" fill=\"none\" stroke=\"currentColor\" stroke-width=\"2\" stroke-linecap=\"round\" stroke-linejoin=\"round\">\n        <rect width=\"18\" height=\"18\" x=\"3\" y=\"4\" rx=\"2\" ry=\"2\"><\/rect>\n        <line x1=\"16\" x2=\"16\" y1=\"2\" y2=\"6\"><\/line>\n        <line x1=\"8\" x2=\"8\" y1=\"2\" y2=\"6\"><\/line>\n        <line x1=\"3\" x2=\"21\" y1=\"10\" y2=\"10\"><\/line>\n      <\/svg>\n      <div style=\"display: flex; flex-direction: column; gap: 2px;\">\n        <span style=\"font-size: 16px; font-weight: 600; color: #003355;\">21 de abril de 2026<\/span>\n        <span style=\"font-size: 14px; color: #64748b;\">Martes<\/span>\n      <\/div>\n    <\/div>\n\n    <div style=\"display: flex; align-items: flex-start; gap: 12px;\">\n      <svg xmlns=\"http:\/\/www.w3.org\/2000\/svg\" style=\"width: 20px; height: 20px; color: #1073a6; margin-top: 2px;\" viewbox=\"0 0 24 24\" fill=\"none\" stroke=\"currentColor\" stroke-width=\"2\" stroke-linecap=\"round\" stroke-linejoin=\"round\">\n        <circle cx=\"12\" cy=\"12\" r=\"10\"><\/circle>\n        <polyline points=\"12 6 12 12 16 14\"><\/polyline>\n      <\/svg>\n      <div style=\"display: flex; flex-direction: column; gap: 2px;\">\n        <span style=\"font-size: 16px; font-weight: 600; color: #003355;\">8:00 PM<\/span>\n        <span style=\"font-size: 14px; color: #64748b;\">Hora local (CET)<\/span>\n      <\/div>\n    <\/div>\n\n    <div style=\"display: flex; align-items: flex-start; gap: 12px;\">\n      <svg xmlns=\"http:\/\/www.w3.org\/2000\/svg\" style=\"width: 20px; height: 20px; color: #1073a6; margin-top: 2px;\" viewbox=\"0 0 24 24\" fill=\"none\" stroke=\"currentColor\" stroke-width=\"2\" stroke-linecap=\"round\" stroke-linejoin=\"round\">\n        <path d=\"M20 10c0 6-8 12-8 12s-8-6-8-12a8 8 0 0 1 16 0Z\"><\/path>\n        <circle cx=\"12\" cy=\"10\" r=\"3\"><\/circle>\n      <\/svg>\n      <div style=\"display: flex; flex-direction: column; gap: 2px;\">\n        <span style=\"font-size: 16px; font-weight: 600; color: #003355;\">Invernadero Los Pe\u00f1otes<\/span>\n        <span style=\"font-size: 14px; color: #64748b;\">Madrid, Espa\u00f1a<\/span>\n      <\/div>\n    <\/div>\n\n  <\/div>\n<\/div>\n\n\n\n<div style=\"height:29px\" aria-hidden=\"true\" class=\"wp-block-spacer\"><\/div>\n\n\n\n<iframe \n  src=\"https:\/\/www.google.com\/maps\/embed?pb=!1m18!1m12!1m3!1d17156.1950244456!2d-3.669295465055566!3d40.52356980651209!2m3!1f0!2f0!3f0!3m2!1i1024!2i768!4f13.1!3m3!1m2!1s0xd422c74017441f5%3A0xccf356e6db9afa3b!2sRestaurante%20El%20Invernadero%20de%20Los%20Pe%C3%B1otes!5e0!3m2!1ses!2ses!4v1773314428417!5m2!1ses!2ses\" \n  width=\"400\" \n  height=\"400\" \n  style=\"border:0; border-radius: 12px;\" \n  allowfullscreen=\"\" \n  loading=\"lazy\" \n  referrerpolicy=\"no-referrer-when-downgrade\">\n<\/iframe>\n\n\n\n<p><\/p>\n<\/div>\n\n\n\n<div class=\"wp-block-column is-layout-flow wp-block-column-is-layout-flow\">\n<p class=\"has-text-align-center\"><\/p>\n\n\n\n<div class=\"wp-block-contact-form-7-contact-form-selector\">\n<div class=\"wpcf7 no-js\" id=\"wpcf7-f21333-o1\" lang=\"en-GB\" dir=\"ltr\" data-wpcf7-id=\"21333\">\n<div class=\"screen-reader-response\"><p role=\"status\" aria-live=\"polite\" aria-atomic=\"true\"><\/p> <ul><\/ul><\/div>\n<form action=\"\/es\/wp-json\/wp\/v2\/pages\/21305#wpcf7-f21333-o1\" method=\"post\" class=\"wpcf7-form init\" aria-label=\"Contact form\" novalidate=\"novalidate\" data-status=\"init\" data-trp-original-action=\"\/es\/wp-json\/wp\/v2\/pages\/21305#wpcf7-f21333-o1\">\n<div style=\"display: none;\">\n<input type=\"hidden\" name=\"_wpcf7\" value=\"21333\" \/>\n<input type=\"hidden\" name=\"_wpcf7_version\" value=\"6.0.3\" \/>\n<input type=\"hidden\" name=\"_wpcf7_locale\" value=\"en_GB\" \/>\n<input type=\"hidden\" name=\"_wpcf7_unit_tag\" value=\"wpcf7-f21333-o1\" \/>\n<input type=\"hidden\" name=\"_wpcf7_container_post\" value=\"0\" \/>\n<input type=\"hidden\" name=\"_wpcf7_posted_data_hash\" value=\"\" \/>\n<input type=\"hidden\" name=\"_wpcf7_recaptcha_response\" value=\"\" \/>\n<\/div>\n<p><label> Nombre<br \/>\n<span class=\"wpcf7-form-control-wrap\" data-name=\"your-name\"><input size=\"40\" maxlength=\"400\" class=\"wpcf7-form-control wpcf7-text wpcf7-validates-as-required\" aria-required=\"true\" aria-invalid=\"false\" value=\"\" type=\"text\" name=\"your-name\" \/><\/span> <\/label>\n<\/p>\n<p><label> Apellido<br \/>\n<span class=\"wpcf7-form-control-wrap\" data-name=\"apellido\"><input size=\"40\" maxlength=\"400\" class=\"wpcf7-form-control wpcf7-text wpcf7-validates-as-required\" aria-required=\"true\" aria-invalid=\"false\" value=\"\" type=\"text\" name=\"apellido\" \/><\/span><\/label>\n<\/p>\n<p><label> Empresa<br \/>\n<span class=\"wpcf7-form-control-wrap\" data-name=\"Nombreempresa\"><input size=\"40\" maxlength=\"400\" class=\"wpcf7-form-control wpcf7-text wpcf7-validates-as-required\" aria-required=\"true\" aria-invalid=\"false\" value=\"\" type=\"text\" name=\"Nombreempresa\" \/><\/span> <\/label>\n<\/p>\n<p><label> Puesto<br \/>\n<span class=\"wpcf7-form-control-wrap\" data-name=\"jobtitle\"><input size=\"40\" maxlength=\"400\" class=\"wpcf7-form-control wpcf7-text wpcf7-validates-as-required\" aria-required=\"true\" aria-invalid=\"false\" value=\"\" type=\"text\" name=\"jobtitle\" \/><\/span><\/label>\n<\/p>\n<p><label> Correo electr\u00f3nico<br \/>\n<span class=\"wpcf7-form-control-wrap\" data-name=\"your-email\"><input size=\"40\" maxlength=\"400\" class=\"wpcf7-form-control wpcf7-email wpcf7-validates-as-required wpcf7-text wpcf7-validates-as-email\" aria-required=\"true\" aria-invalid=\"false\" value=\"\" type=\"email\" name=\"your-email\" \/><\/span> <\/label>\n<\/p>\n<p><label> N\u00famero de tel\u00e9fono m\u00f3vil<br \/>\n<span class=\"wpcf7-form-control-wrap\" data-name=\"Telefono\"><input size=\"40\" maxlength=\"400\" class=\"wpcf7-form-control wpcf7-tel wpcf7-validates-as-required wpcf7-text wpcf7-validates-as-tel\" aria-required=\"true\" aria-invalid=\"false\" value=\"\" type=\"tel\" name=\"Telefono\" \/><\/span> <\/label>\n<\/p>\n<div style=\"display: table; margin: 15px 0;\">\n\t<div style=\"display: table-cell; vertical-align: top; padding-right: 10px;\">\n\t\t<p><span class=\"wpcf7-form-control-wrap\" data-name=\"acceptance-1\"><span class=\"wpcf7-form-control wpcf7-acceptance\"><span class=\"wpcf7-list-item\"><input type=\"checkbox\" name=\"acceptance-1\" value=\"1\" aria-invalid=\"false\" \/><\/span><\/span><\/span>\n\t\t<\/p>\n\t<\/div>\n\t<div style=\"display: table-cell; vertical-align: top; font-size: 13px; line-height: 1.5; color: #555;\">\n\t\t<p>Acepto que mis datos personales se utilicen para procesar el registro en el evento y con el fin de recibir comunicaciones de Saitec Offshore Technologies de acuerdo con la pol\u00edtica de privacidad que he revisado.\n\t\t<\/p>\n\t<\/div>\n<\/div>\n<p><input class=\"wpcf7-form-control wpcf7-submit has-spinner\" type=\"submit\" value=\"Enviar\" \/>\n<\/p><div class=\"wpcf7-response-output\" aria-hidden=\"true\"><\/div>\n<input type=\"hidden\" name=\"trp-form-language\" value=\"es\"\/><\/form>\n<\/div>\n<\/div>\n<\/div>\n<\/div>\n\n\n\n<div style=\"height:51px\" aria-hidden=\"true\" class=\"wp-block-spacer\"><\/div>\n\n\n\n<hr class=\"wp-block-separator has-alpha-channel-opacity\"\/>\n\n\n\n<div style=\"height:31px\" aria-hidden=\"true\" class=\"wp-block-spacer\"><\/div>\n\n\n\n<h4 class=\"wp-block-heading has-text-align-center\">Organizado por<\/h4>\n\n\n\n<div style=\"display: flex; align-items: center; justify-content: center; gap: 40px; padding: 20px 0;\">\n  <img decoding=\"async\" \n    src=\"https:\/\/saitec-offshore.com\/wp-content\/uploads\/2026\/03\/SOT-principal.png\" \n    alt=\"Saitec Offshore Technologies\" \n    style=\"height: 60px; width: auto; display: block;\"\n  >\n  \n  <div style=\"width: 1px; height: 40px; background-color: #ccc;\"><\/div>\n\n  <img decoding=\"async\" \n    src=\"https:\/\/saitec-offshore.com\/wp-content\/uploads\/2026\/03\/WFO-Logo-NEU.png\" \n    alt=\"World Forum Offshore Wind\" \n    style=\"height: 50px; width: auto; display: block;\"\n  >\n<\/div>\n\n\n\n<div style=\"height:51px\" aria-hidden=\"true\" class=\"wp-block-spacer\"><\/div>","protected":false},"excerpt":{"rendered":"<p>Join Saitec Offshore\u2019s Anniversary! We are delighted to invite you to an evening reception hosted by Saitec Offshore<span class=\"excerpt-hellip\"> [\u2026]<\/span><\/p>","protected":false},"author":4,"featured_media":21439,"parent":0,"menu_order":0,"comment_status":"closed","ping_status":"closed","template":"","meta":{"inline_featured_image":false,"footnotes":""},"class_list":["post-21305","page","type-page","status-publish","has-post-thumbnail","hentry"],"yoast_head":"<!-- This site is optimized with the Yoast SEO plugin v24.4 - https:\/\/yoast.com\/wordpress\/plugins\/seo\/ -->\n<title>Celebrate with us a decade in the offshore wind sector &#8211; Saitec Offshore Technologies<\/title>\n<meta name=\"robots\" content=\"index, follow, max-snippet:-1, max-image-preview:large, max-video-preview:-1\" \/>\n<link rel=\"canonical\" href=\"https:\/\/saitec-offshore.com\/es\/sot-anniversary\/\" \/>\n<script type=\"application\/ld+json\" class=\"yoast-schema-graph\">{\"@context\":\"https:\/\/schema.org\",\"@graph\":[{\"@type\":\"WebPage\",\"@id\":\"https:\/\/saitec-offshore.com\/sot-anniversary\/\",\"url\":\"https:\/\/saitec-offshore.com\/sot-anniversary\/\",\"name\":\"Celebrate with us a decade in the offshore wind sector &#8211; Saitec Offshore Technologies\",\"isPartOf\":{\"@id\":\"https:\/\/saitec-offshore.com\/#website\"},\"primaryImageOfPage\":{\"@id\":\"https:\/\/saitec-offshore.com\/sot-anniversary\/#primaryimage\"},\"image\":{\"@id\":\"https:\/\/saitec-offshore.com\/sot-anniversary\/#primaryimage\"},\"thumbnailUrl\":\"https:\/\/saitec-offshore.com\/wp-content\/uploads\/2026\/03\/A-decade-in-the-floating-wind.png\",\"datePublished\":\"2026-03-23T17:10:36+00:00\",\"dateModified\":\"2026-03-30T08:50:28+00:00\",\"breadcrumb\":{\"@id\":\"https:\/\/saitec-offshore.com\/sot-anniversary\/#breadcrumb\"},\"inLanguage\":\"es\",\"potentialAction\":[{\"@type\":\"ReadAction\",\"target\":[\"https:\/\/saitec-offshore.com\/sot-anniversary\/\"]}]},{\"@type\":\"ImageObject\",\"inLanguage\":\"es\",\"@id\":\"https:\/\/saitec-offshore.com\/sot-anniversary\/#primaryimage\",\"url\":\"https:\/\/saitec-offshore.com\/wp-content\/uploads\/2026\/03\/A-decade-in-the-floating-wind.png\",\"contentUrl\":\"https:\/\/saitec-offshore.com\/wp-content\/uploads\/2026\/03\/A-decade-in-the-floating-wind.png\",\"width\":2752,\"height\":1536},{\"@type\":\"BreadcrumbList\",\"@id\":\"https:\/\/saitec-offshore.com\/sot-anniversary\/#breadcrumb\",\"itemListElement\":[{\"@type\":\"ListItem\",\"position\":1,\"name\":\"Home\",\"item\":\"https:\/\/saitec-offshore.com\/\"},{\"@type\":\"ListItem\",\"position\":2,\"name\":\"Celebrate with us a decade in the offshore wind sector\"}]},{\"@type\":\"WebSite\",\"@id\":\"https:\/\/saitec-offshore.com\/#website\",\"url\":\"https:\/\/saitec-offshore.com\/\",\"name\":\"Saitec Offshore Technologies\",\"description\":\"Concrete floating foundations for a global offshore wind industry\",\"publisher\":{\"@id\":\"https:\/\/saitec-offshore.com\/#organization\"},\"potentialAction\":[{\"@type\":\"SearchAction\",\"target\":{\"@type\":\"EntryPoint\",\"urlTemplate\":\"https:\/\/saitec-offshore.com\/?s={search_term_string}\"},\"query-input\":{\"@type\":\"PropertyValueSpecification\",\"valueRequired\":true,\"valueName\":\"search_term_string\"}}],\"inLanguage\":\"es\"},{\"@type\":\"Organization\",\"@id\":\"https:\/\/saitec-offshore.com\/#organization\",\"name\":\"Saitec Offshore\",\"url\":\"https:\/\/saitec-offshore.com\/\",\"logo\":{\"@type\":\"ImageObject\",\"inLanguage\":\"es\",\"@id\":\"https:\/\/saitec-offshore.com\/#\/schema\/logo\/image\/\",\"url\":\"https:\/\/saitec-offshore.com\/wp-content\/uploads\/2019\/10\/logo_saitec_offshore.png\",\"contentUrl\":\"https:\/\/saitec-offshore.com\/wp-content\/uploads\/2019\/10\/logo_saitec_offshore.png\",\"width\":600,\"height\":247,\"caption\":\"Saitec Offshore\"},\"image\":{\"@id\":\"https:\/\/saitec-offshore.com\/#\/schema\/logo\/image\/\"},\"sameAs\":[\"https:\/\/x.com\/saitecoffshore\",\"https:\/\/www.linkedin.com\/company\/saitec-offshore-technologies\/\",\"https:\/\/www.youtube.com\/channel\/UClhozAPoF-YWSALw9Tp1iJw\"]}]}<\/script>\n<!-- \/ Yoast SEO plugin. -->","yoast_head_json":{"title":"Celebrate with us a decade in the offshore wind sector &#8211; Saitec Offshore Technologies","robots":{"index":"index","follow":"follow","max-snippet":"max-snippet:-1","max-image-preview":"max-image-preview:large","max-video-preview":"max-video-preview:-1"},"canonical":"https:\/\/saitec-offshore.com\/es\/sot-anniversary\/","schema":{"@context":"https:\/\/schema.org","@graph":[{"@type":"WebPage","@id":"https:\/\/saitec-offshore.com\/sot-anniversary\/","url":"https:\/\/saitec-offshore.com\/sot-anniversary\/","name":"Celebrate with us a decade in the offshore wind sector &#8211; Saitec Offshore Technologies","isPartOf":{"@id":"https:\/\/saitec-offshore.com\/#website"},"primaryImageOfPage":{"@id":"https:\/\/saitec-offshore.com\/sot-anniversary\/#primaryimage"},"image":{"@id":"https:\/\/saitec-offshore.com\/sot-anniversary\/#primaryimage"},"thumbnailUrl":"https:\/\/saitec-offshore.com\/wp-content\/uploads\/2026\/03\/A-decade-in-the-floating-wind.png","datePublished":"2026-03-23T17:10:36+00:00","dateModified":"2026-03-30T08:50:28+00:00","breadcrumb":{"@id":"https:\/\/saitec-offshore.com\/sot-anniversary\/#breadcrumb"},"inLanguage":"es","potentialAction":[{"@type":"ReadAction","target":["https:\/\/saitec-offshore.com\/sot-anniversary\/"]}]},{"@type":"ImageObject","inLanguage":"es","@id":"https:\/\/saitec-offshore.com\/sot-anniversary\/#primaryimage","url":"https:\/\/saitec-offshore.com\/wp-content\/uploads\/2026\/03\/A-decade-in-the-floating-wind.png","contentUrl":"https:\/\/saitec-offshore.com\/wp-content\/uploads\/2026\/03\/A-decade-in-the-floating-wind.png","width":2752,"height":1536},{"@type":"BreadcrumbList","@id":"https:\/\/saitec-offshore.com\/sot-anniversary\/#breadcrumb","itemListElement":[{"@type":"ListItem","position":1,"name":"Home","item":"https:\/\/saitec-offshore.com\/"},{"@type":"ListItem","position":2,"name":"Celebrate with us a decade in the offshore wind sector"}]},{"@type":"WebSite","@id":"https:\/\/saitec-offshore.com\/#website","url":"https:\/\/saitec-offshore.com\/","name":"Saitec Offshore Technologies","description":"Concrete floating foundations for a global offshore wind industry","publisher":{"@id":"https:\/\/saitec-offshore.com\/#organization"},"potentialAction":[{"@type":"SearchAction","target":{"@type":"EntryPoint","urlTemplate":"https:\/\/saitec-offshore.com\/?s={search_term_string}"},"query-input":{"@type":"PropertyValueSpecification","valueRequired":true,"valueName":"search_term_string"}}],"inLanguage":"es"},{"@type":"Organization","@id":"https:\/\/saitec-offshore.com\/#organization","name":"Saitec Offshore","url":"https:\/\/saitec-offshore.com\/","logo":{"@type":"ImageObject","inLanguage":"es","@id":"https:\/\/saitec-offshore.com\/#\/schema\/logo\/image\/","url":"https:\/\/saitec-offshore.com\/wp-content\/uploads\/2019\/10\/logo_saitec_offshore.png","contentUrl":"https:\/\/saitec-offshore.com\/wp-content\/uploads\/2019\/10\/logo_saitec_offshore.png","width":600,"height":247,"caption":"Saitec Offshore"},"image":{"@id":"https:\/\/saitec-offshore.com\/#\/schema\/logo\/image\/"},"sameAs":["https:\/\/x.com\/saitecoffshore","https:\/\/www.linkedin.com\/company\/saitec-offshore-technologies\/","https:\/\/www.youtube.com\/channel\/UClhozAPoF-YWSALw9Tp1iJw"]}]}},"_links":{"self":[{"href":"https:\/\/saitec-offshore.com\/es\/wp-json\/wp\/v2\/pages\/21305"}],"collection":[{"href":"https:\/\/saitec-offshore.com\/es\/wp-json\/wp\/v2\/pages"}],"about":[{"href":"https:\/\/saitec-offshore.com\/es\/wp-json\/wp\/v2\/types\/page"}],"author":[{"embeddable":true,"href":"https:\/\/saitec-offshore.com\/es\/wp-json\/wp\/v2\/users\/4"}],"replies":[{"embeddable":true,"href":"https:\/\/saitec-offshore.com\/es\/wp-json\/wp\/v2\/comments?post=21305"}],"version-history":[{"count":55,"href":"https:\/\/saitec-offshore.com\/es\/wp-json\/wp\/v2\/pages\/21305\/revisions"}],"predecessor-version":[{"id":21551,"href":"https:\/\/saitec-offshore.com\/es\/wp-json\/wp\/v2\/pages\/21305\/revisions\/21551"}],"wp:featuredmedia":[{"embeddable":true,"href":"https:\/\/saitec-offshore.com\/es\/wp-json\/wp\/v2\/media\/21439"}],"wp:attachment":[{"href":"https:\/\/saitec-offshore.com\/es\/wp-json\/wp\/v2\/media?parent=21305"}],"curies":[{"name":"wp","href":"https:\/\/api.w.org\/{rel}","templated":true}]}}