{"id":3,"date":"2019-10-10T11:37:59","date_gmt":"2019-10-10T09:37:59","guid":{"rendered":"https:\/\/saitec-offshore.com\/?page_id=3"},"modified":"2025-06-04T10:32:27","modified_gmt":"2025-06-04T08:32:27","slug":"privacy-policy","status":"publish","type":"page","link":"https:\/\/saitec-offshore.com\/es\/privacy-policy\/","title":{"rendered":"Pol\u00edtica de privacidad"},"content":{"rendered":"<p>\n<!--StartFragment--><\/p>\n\n\n<p>Este aviso de privacidad divulga las pr\u00e1cticas de privacidad de Saitec Offshore Technologies (&quot;La Compa\u00f1\u00eda&quot;). Explica nuestras pr\u00e1cticas para la recopilaci\u00f3n, el uso, el mantenimiento, la protecci\u00f3n y la divulgaci\u00f3n de la informaci\u00f3n que podemos recopilar de usted o que puede proporcionar cuando visita nuestro sitio web.<\/p>\n\n\n\n<p>Tenga en cuenta que nuestro sitio web puede incluir enlaces a sitios web de otras organizaciones cuyas pr\u00e1cticas de privacidad pueden diferir de las de la Compa\u00f1\u00eda. Si env\u00eda Datos personales a cualquiera de esos sitios, su informaci\u00f3n se rige por sus avisos de privacidad. <\/p>\n\n\n\n<p><strong>\u00bfQu\u00e9 datos recopilamos?<br> <\/strong>La Compa\u00f1\u00eda recopila los siguientes datos:<\/p>\n\n\n\n<ul class=\"wp-block-list\">\n<li>Personal identification information (Name, email<br>address, phone number, etc.) when you<br>voluntarily provide it to us when you request information, when you apply for a<br>job or subscribe to marketing communications.<\/li>\n\n\n\n<li>When you visit the website, we automatically collect certain information<br>about your device, including information about your web browser, IP address,<br>time zone, and some of the cookies that are installed on your device. <\/li>\n\n\n\n<li>We may also collect Personal Data from you offline, such as when you<br>attend one of our events, or during phone calls with sales representatives.<\/li>\n<\/ul>\n\n\n\n<p><strong>\u00bfC\u00f3mo utilizaremos sus datos?<br> <\/strong>La Compa\u00f1\u00eda recopila sus datos para que podamos:<\/p>\n\n\n\n<ul class=\"wp-block-list\">\n<li>Tramita tu solicitud de informaci\u00f3n<\/li>\n\n\n\n<li>Brindarle servicios actualizados<\/li>\n\n\n\n<li>Enviarle una invitaci\u00f3n a un evento<\/li>\n\n\n\n<li>Answer you when you submitted your application for a<br>job<\/li>\n<\/ul>\n\n\n\n<p>Puede ponerse en contacto con nosotros para obtener ayuda con el fin de revisar, actualizar o corregir cualquier informaci\u00f3n personal proporcionada. Le responderemos dentro de un tiempo razonable y le brindaremos asistencia en la medida de lo posible o seg\u00fan lo exija la ley.<\/p>\n\n\n\n<p><strong>Opci\u00f3n de exclusi\u00f3n y elecci\u00f3n de marketing<\/strong><\/p>\n\n\n\n<p>Si se registra para recibir anuncios informativos o de marketing de nuestra parte, dichos correos electr\u00f3nicos incluir\u00e1n la capacidad de optar por no recibir dichos correos electr\u00f3nicos en el futuro. Los anuncios informativos y de marketing incluyen cualquier comunicaci\u00f3n dirigida a usted que se base \u00fanicamente en publicidad o promoci\u00f3n de productos y servicios. Las comunicaciones transaccionales sobre una Interacci\u00f3n o nuestros Servicios no se consideran comunicaciones de &quot;marketing&quot; o &quot;informativas&quot;. &nbsp;&nbsp;&nbsp;&nbsp;&nbsp;&nbsp;&nbsp;&nbsp;&nbsp;&nbsp;&nbsp; <\/p>\n\n\n\n<p><strong>Enlaces a sitios web externos<\/strong><\/p>\n\n\n\n<p>Nuestro sitio web puede contener enlaces a otros sitios web. La Compa\u00f1\u00eda no controla el contenido de dichos sitios web o si dichos sitios web recopilan o procesan sus datos personales. Para determinar c\u00f3mo dichos sitios web procesar\u00e1n sus datos personales, debe revisar sus pol\u00edticas de privacidad.<\/p>\n\n\n\n<p><strong>\u00bfCu\u00e1les son sus derechos de protecci\u00f3n de datos?<\/strong><\/p>\n\n\n\n<p>La Compa\u00f1\u00eda desea asegurarse de que conoce todos sus derechos de protecci\u00f3n de datos. Todo usuario tiene derecho a lo siguiente:<\/p>\n\n\n\n<ul class=\"wp-block-list\">\n<li>El derecho de acceso: tiene derecho a solicitar a La Compa\u00f1\u00eda copias de sus datos personales. Es posible que le cobremos una peque\u00f1a tarifa por este servicio.<\/li>\n\n\n\n<li>El derecho a la rectificaci\u00f3n: tiene derecho a solicitar que nuestra empresa corrija cualquier informaci\u00f3n que crea que es inexacta. Tambi\u00e9n tiene derecho a solicitar a Nuestra Compa\u00f1\u00eda que complete la informaci\u00f3n que cree que est\u00e1 incompleta.<\/li>\n\n\n\n<li>El derecho a borrar: tiene derecho a solicitar que La Compa\u00f1\u00eda borre sus datos personales, bajo ciertas condiciones.<\/li>\n\n\n\n<li>El derecho a restringir el procesamiento: tiene derecho a solicitar que La Compa\u00f1\u00eda restrinja el procesamiento de sus datos personales, bajo ciertas condiciones.<\/li>\n\n\n\n<li>El derecho a oponerse al procesamiento: tiene derecho a oponerse al procesamiento de sus datos personales por parte de la Compa\u00f1\u00eda, bajo ciertas condiciones.<\/li>\n\n\n\n<li>El derecho a la portabilidad de datos: tiene derecho a solicitar que La Compa\u00f1\u00eda transfiera los datos que hemos recopilado a otra organizaci\u00f3n, o directamente a usted, bajo ciertas condiciones.<\/li>\n<\/ul>\n\n\n\n<p><strong>C\u00f3mo contactarnos<\/strong><strong><\/strong><\/p>\n\n\n\n<p>lf you have any questions about The Company&#8217;s privacy policy, the data we hold on you, or you would like to exercise one of your data protection rights, please do not hesitate to contact us: saitec.offshore@saitec-offshore.com<\/p>\n\n\n<p><!--EndFragment--><\/p>\n\n\n<div style=\"height:30px\" aria-hidden=\"true\" class=\"wp-block-spacer\"><\/div>","protected":false},"excerpt":{"rendered":"<p>This privacy notice discloses the privacy practices for Saitec Offshore Technologies (&#8220;The Company&#8221;). It explains our practices for<span class=\"excerpt-hellip\"> [\u2026]<\/span><\/p>","protected":false},"author":1,"featured_media":0,"parent":0,"menu_order":0,"comment_status":"closed","ping_status":"closed","template":"","meta":{"inline_featured_image":false,"footnotes":""},"class_list":["post-3","page","type-page","status-publish","hentry"],"yoast_head":"<!-- This site is optimized with the Yoast SEO plugin v24.4 - https:\/\/yoast.com\/wordpress\/plugins\/seo\/ -->\n<title>Privacy Policy &#8211; Saitec Offshore Technologies<\/title>\n<meta name=\"robots\" content=\"noindex, nofollow\" \/>\n<script type=\"application\/ld+json\" class=\"yoast-schema-graph\">{\"@context\":\"https:\/\/schema.org\",\"@graph\":[{\"@type\":\"WebPage\",\"@id\":\"https:\/\/saitec-offshore.com\/privacy-policy\/\",\"url\":\"https:\/\/saitec-offshore.com\/privacy-policy\/\",\"name\":\"Privacy Policy &#8211; Saitec Offshore Technologies\",\"isPartOf\":{\"@id\":\"https:\/\/saitec-offshore.com\/#website\"},\"datePublished\":\"2019-10-10T09:37:59+00:00\",\"dateModified\":\"2025-06-04T08:32:27+00:00\",\"breadcrumb\":{\"@id\":\"https:\/\/saitec-offshore.com\/privacy-policy\/#breadcrumb\"},\"inLanguage\":\"es\",\"potentialAction\":[{\"@type\":\"ReadAction\",\"target\":[\"https:\/\/saitec-offshore.com\/privacy-policy\/\"]}]},{\"@type\":\"BreadcrumbList\",\"@id\":\"https:\/\/saitec-offshore.com\/privacy-policy\/#breadcrumb\",\"itemListElement\":[{\"@type\":\"ListItem\",\"position\":1,\"name\":\"Home\",\"item\":\"https:\/\/saitec-offshore.com\/\"},{\"@type\":\"ListItem\",\"position\":2,\"name\":\"Privacy Policy\"}]},{\"@type\":\"WebSite\",\"@id\":\"https:\/\/saitec-offshore.com\/#website\",\"url\":\"https:\/\/saitec-offshore.com\/\",\"name\":\"Saitec Offshore Technologies\",\"description\":\"Concrete floating foundations for a global offshore wind industry\",\"publisher\":{\"@id\":\"https:\/\/saitec-offshore.com\/#organization\"},\"potentialAction\":[{\"@type\":\"SearchAction\",\"target\":{\"@type\":\"EntryPoint\",\"urlTemplate\":\"https:\/\/saitec-offshore.com\/?s={search_term_string}\"},\"query-input\":{\"@type\":\"PropertyValueSpecification\",\"valueRequired\":true,\"valueName\":\"search_term_string\"}}],\"inLanguage\":\"es\"},{\"@type\":\"Organization\",\"@id\":\"https:\/\/saitec-offshore.com\/#organization\",\"name\":\"Saitec Offshore\",\"url\":\"https:\/\/saitec-offshore.com\/\",\"logo\":{\"@type\":\"ImageObject\",\"inLanguage\":\"es\",\"@id\":\"https:\/\/saitec-offshore.com\/#\/schema\/logo\/image\/\",\"url\":\"https:\/\/saitec-offshore.com\/wp-content\/uploads\/2019\/10\/logo_saitec_offshore.png\",\"contentUrl\":\"https:\/\/saitec-offshore.com\/wp-content\/uploads\/2019\/10\/logo_saitec_offshore.png\",\"width\":600,\"height\":247,\"caption\":\"Saitec Offshore\"},\"image\":{\"@id\":\"https:\/\/saitec-offshore.com\/#\/schema\/logo\/image\/\"},\"sameAs\":[\"https:\/\/x.com\/saitecoffshore\",\"https:\/\/www.linkedin.com\/company\/saitec-offshore-technologies\/\",\"https:\/\/www.youtube.com\/channel\/UClhozAPoF-YWSALw9Tp1iJw\"]}]}<\/script>\n<!-- \/ Yoast SEO plugin. -->","yoast_head_json":{"title":"Privacy Policy &#8211; Saitec Offshore Technologies","robots":{"index":"noindex","follow":"nofollow"},"schema":{"@context":"https:\/\/schema.org","@graph":[{"@type":"WebPage","@id":"https:\/\/saitec-offshore.com\/privacy-policy\/","url":"https:\/\/saitec-offshore.com\/privacy-policy\/","name":"Privacy Policy &#8211; Saitec Offshore Technologies","isPartOf":{"@id":"https:\/\/saitec-offshore.com\/#website"},"datePublished":"2019-10-10T09:37:59+00:00","dateModified":"2025-06-04T08:32:27+00:00","breadcrumb":{"@id":"https:\/\/saitec-offshore.com\/privacy-policy\/#breadcrumb"},"inLanguage":"es","potentialAction":[{"@type":"ReadAction","target":["https:\/\/saitec-offshore.com\/privacy-policy\/"]}]},{"@type":"BreadcrumbList","@id":"https:\/\/saitec-offshore.com\/privacy-policy\/#breadcrumb","itemListElement":[{"@type":"ListItem","position":1,"name":"Home","item":"https:\/\/saitec-offshore.com\/"},{"@type":"ListItem","position":2,"name":"Privacy Policy"}]},{"@type":"WebSite","@id":"https:\/\/saitec-offshore.com\/#website","url":"https:\/\/saitec-offshore.com\/","name":"Saitec Offshore Technologies","description":"Concrete floating foundations for a global offshore wind industry","publisher":{"@id":"https:\/\/saitec-offshore.com\/#organization"},"potentialAction":[{"@type":"SearchAction","target":{"@type":"EntryPoint","urlTemplate":"https:\/\/saitec-offshore.com\/?s={search_term_string}"},"query-input":{"@type":"PropertyValueSpecification","valueRequired":true,"valueName":"search_term_string"}}],"inLanguage":"es"},{"@type":"Organization","@id":"https:\/\/saitec-offshore.com\/#organization","name":"Saitec Offshore","url":"https:\/\/saitec-offshore.com\/","logo":{"@type":"ImageObject","inLanguage":"es","@id":"https:\/\/saitec-offshore.com\/#\/schema\/logo\/image\/","url":"https:\/\/saitec-offshore.com\/wp-content\/uploads\/2019\/10\/logo_saitec_offshore.png","contentUrl":"https:\/\/saitec-offshore.com\/wp-content\/uploads\/2019\/10\/logo_saitec_offshore.png","width":600,"height":247,"caption":"Saitec Offshore"},"image":{"@id":"https:\/\/saitec-offshore.com\/#\/schema\/logo\/image\/"},"sameAs":["https:\/\/x.com\/saitecoffshore","https:\/\/www.linkedin.com\/company\/saitec-offshore-technologies\/","https:\/\/www.youtube.com\/channel\/UClhozAPoF-YWSALw9Tp1iJw"]}]}},"_links":{"self":[{"href":"https:\/\/saitec-offshore.com\/es\/wp-json\/wp\/v2\/pages\/3"}],"collection":[{"href":"https:\/\/saitec-offshore.com\/es\/wp-json\/wp\/v2\/pages"}],"about":[{"href":"https:\/\/saitec-offshore.com\/es\/wp-json\/wp\/v2\/types\/page"}],"author":[{"embeddable":true,"href":"https:\/\/saitec-offshore.com\/es\/wp-json\/wp\/v2\/users\/1"}],"replies":[{"embeddable":true,"href":"https:\/\/saitec-offshore.com\/es\/wp-json\/wp\/v2\/comments?post=3"}],"version-history":[{"count":1,"href":"https:\/\/saitec-offshore.com\/es\/wp-json\/wp\/v2\/pages\/3\/revisions"}],"predecessor-version":[{"id":18254,"href":"https:\/\/saitec-offshore.com\/es\/wp-json\/wp\/v2\/pages\/3\/revisions\/18254"}],"wp:attachment":[{"href":"https:\/\/saitec-offshore.com\/es\/wp-json\/wp\/v2\/media?parent=3"}],"curies":[{"name":"wp","href":"https:\/\/api.w.org\/{rel}","templated":true}]}}