{"id":620,"date":"2020-02-19T10:20:37","date_gmt":"2020-02-19T09:20:37","guid":{"rendered":"https:\/\/saitec-offshore.com\/?page_id=620"},"modified":"2025-06-04T10:30:52","modified_gmt":"2025-06-04T08:30:52","slug":"cookie-policy","status":"publish","type":"page","link":"https:\/\/saitec-offshore.com\/es\/cookie-policy\/","title":{"rendered":"Pol\u00edtica de cookies"},"content":{"rendered":"<p><!--StartFragment--><\/p>\n\n\n<p>Esta es la Pol\u00edtica de Cookies de Saitec Offshore Technologies, accesible desde www.saitec-offshore.com<\/p>\n\n\n\n<p><strong>\u00bfQu\u00e9 son las cookies?<\/strong><\/p>\n\n\n\n<p>Como es pr\u00e1ctica com\u00fan en casi todos los sitios web profesionales, este sitio utiliza cookies, que son peque\u00f1os archivos que se descargan en su computadora, para mejorar su experiencia. Esta p\u00e1gina describe qu\u00e9 informaci\u00f3n recopilan, c\u00f3mo la usamos y por qu\u00e9 a veces necesitamos almacenar estas cookies. Tambi\u00e9n compartiremos c\u00f3mo puede evitar que se almacenen estas cookies; sin embargo, esto puede degradar o &quot;romper&quot; ciertos elementos de la funcionalidad de los sitios.<\/p>\n\n\n\n<p>Para obtener informaci\u00f3n m\u00e1s general sobre las cookies, consulte el art\u00edculo de Wikipedia sobre las cookies HTTP.<\/p>\n\n\n\n<p><strong>C\u00f3mo usamos las cookies<\/strong><\/p>\n\n\n\n<p>Usamos cookies por una variedad de razones que se detallan a continuaci\u00f3n. Desafortunadamente, en la mayor\u00eda de los casos, no existen opciones est\u00e1ndar de la industria para deshabilitar las cookies sin deshabilitar por completo la funcionalidad y las caracter\u00edsticas que agregan a este sitio. Se recomienda que deje activadas todas las cookies si no est\u00e1 seguro de si las necesita o no en caso de que se utilicen para proporcionar un servicio que utilice.<\/p>\n\n\n\n<p><strong>Deshabilitar cookies<\/strong><\/p>\n\n\n\n<p>Puede evitar la configuraci\u00f3n de cookies ajustando la configuraci\u00f3n de su navegador (consulte la Ayuda de su navegador para saber c\u00f3mo hacerlo). Tenga en cuenta que deshabilitar las cookies afectar\u00e1 la funcionalidad de este y muchos otros sitios web que visite. La desactivaci\u00f3n de las cookies generalmente resultar\u00e1 en la desactivaci\u00f3n tambi\u00e9n de ciertas funciones y caracter\u00edsticas de este sitio. Por lo tanto, se recomienda que no deshabilite las cookies.<\/p>\n\n\n\n<p><strong>Las cookies que configuramos<\/strong><\/p>\n\n\n\n<ul class=\"wp-block-list\">\n<li>Cookies relacionadas con boletines por correo electr\u00f3nico Este sitio ofrece servicios de suscripci\u00f3n a boletines o por correo electr\u00f3nico y las cookies pueden usarse para recordar si ya est\u00e1 registrado y si mostrar ciertas notificaciones que pueden ser v\u00e1lidas solo para usuarios suscritos o no suscritos. <\/li>\n\n\n\n<li>Cookies relacionadas con formularios Cuando env\u00eda datos a trav\u00e9s de un formulario como los que se encuentran en las p\u00e1ginas de contacto o formularios de comentarios, las cookies pueden configurarse para recordar sus datos de usuario para correspondencia futura. <\/li>\n\n\n\n<li>Cookies de preferencias del sitio Con el fin de brindarle una gran experiencia en este sitio, proporcionamos la funcionalidad para configurar sus preferencias sobre c\u00f3mo se ejecuta este sitio cuando lo usa. Para recordar sus preferencias, necesitamos configurar cookies para que esta informaci\u00f3n pueda ser llamada cada vez que interact\u00faa con una p\u00e1gina que se ve afectada por sus preferencias. <\/li>\n<\/ul>\n\n\n\n<p><strong>Cookies de terceros<\/strong><\/p>\n\n\n\n<p>En algunos casos especiales, tambi\u00e9n utilizamos cookies proporcionadas por terceros de confianza. La siguiente secci\u00f3n detalla qu\u00e9 cookies de terceros puede encontrar a trav\u00e9s de este sitio.<\/p>\n\n\n\n<ul class=\"wp-block-list\">\n<li>Este sitio utiliza Google Analytics, que es una de las soluciones de an\u00e1lisis m\u00e1s extendidas y confiables en la web para ayudarnos a comprender c\u00f3mo usa el sitio y las formas en que podemos mejorar su experiencia. Estas cookies pueden rastrear cosas como cu\u00e1nto tiempo pasa en el sitio y las p\u00e1ginas que visita para que podamos continuar produciendo contenido atractivo. Para obtener m\u00e1s informaci\u00f3n sobre las cookies de Google Analytics, consulte la p\u00e1gina oficial de Google Analytics. <\/li>\n\n\n\n<li>Es importante que entendamos las estad\u00edsticas sobre cu\u00e1ntos de los visitantes de nuestro sitio realmente permanecen en el sitio y, como tal, este es el tipo de datos que rastrear\u00e1n estas cookies. Esto es importante para usted, ya que significa que podemos hacer que las predicciones comerciales sean la mejor informaci\u00f3n posible. <\/li>\n<\/ul>\n\n\n\n<p><strong>En saitec-offshore.com se utilizan las siguientes cookies:<\/strong><\/p>\n\n\n\n<p><strong>_gat_UA<\/strong>: Estas cookies nos permiten contar las visitas de los usuarios y las fuentes de tr\u00e1fico para que podamos medir y mejorar el rendimiento del sitio utilizando los servicios de Google Analytics. Caduca a los 10 minutos. Proveedor: Google Analytics<\/p>\n\n\n\n<p><strong>_Georgia<\/strong>: Esta cookie se utiliza para distinguir usuarios \u00fanicos mediante la asignaci\u00f3n de un n\u00famero generado aleatoriamente como identificador de cliente. Se incluye en cada solicitud de p\u00e1gina en un sitio y se usa para calcular los datos de visitantes, sesiones y campa\u00f1as para los informes de an\u00e1lisis de sitios. Caduca en 2 a\u00f1os. Proveedor: Google Analytics<\/p>\n\n\n\n<p><strong>_gid<\/strong>: registra una identificaci\u00f3n \u00fanica que se utiliza para generar datos estad\u00edsticos sobre c\u00f3mo el visitante utiliza el sitio web. Caduca en 24 horas. Proveedor: Google Analytics<\/p>\n\n\n\n<p><strong>C\u00f3mo contactarnos<\/strong><strong><\/strong><\/p>\n\n\n\n<p>Si tiene alguna pregunta sobre la pol\u00edtica de cookies de nuestra empresa, los datos que tenemos sobre usted o si desea ejercer uno de sus derechos de protecci\u00f3n de datos, no dude en ponerse en contacto con nosotros: <a href=\"mailto:saitec@saitec-offshore.com\">saitec.offshore@saitec-offshore.com<\/a><\/p>\n\n\n<p><!--EndFragment--><\/p>\n\n\n<div style=\"height:30px\" aria-hidden=\"true\" class=\"wp-block-spacer\"><\/div>","protected":false},"excerpt":{"rendered":"<p>This is the Cookie Policy for Saitec Offshore Technologies, accessible from www.saitec-offshore.com What Are Cookies As is common<span class=\"excerpt-hellip\"> [\u2026]<\/span><\/p>","protected":false},"author":1,"featured_media":0,"parent":0,"menu_order":0,"comment_status":"closed","ping_status":"closed","template":"","meta":{"inline_featured_image":false,"footnotes":""},"class_list":["post-620","page","type-page","status-publish","hentry"],"yoast_head":"<!-- This site is optimized with the Yoast SEO plugin v24.4 - https:\/\/yoast.com\/wordpress\/plugins\/seo\/ -->\n<title>Cookie Policy &#8211; Saitec Offshore Technologies<\/title>\n<meta name=\"robots\" content=\"noindex, nofollow\" \/>\n<script type=\"application\/ld+json\" class=\"yoast-schema-graph\">{\"@context\":\"https:\/\/schema.org\",\"@graph\":[{\"@type\":\"WebPage\",\"@id\":\"https:\/\/saitec-offshore.com\/cookie-policy\/\",\"url\":\"https:\/\/saitec-offshore.com\/cookie-policy\/\",\"name\":\"Cookie Policy &#8211; Saitec Offshore Technologies\",\"isPartOf\":{\"@id\":\"https:\/\/saitec-offshore.com\/#website\"},\"datePublished\":\"2020-02-19T09:20:37+00:00\",\"dateModified\":\"2025-06-04T08:30:52+00:00\",\"breadcrumb\":{\"@id\":\"https:\/\/saitec-offshore.com\/cookie-policy\/#breadcrumb\"},\"inLanguage\":\"es\",\"potentialAction\":[{\"@type\":\"ReadAction\",\"target\":[\"https:\/\/saitec-offshore.com\/cookie-policy\/\"]}]},{\"@type\":\"BreadcrumbList\",\"@id\":\"https:\/\/saitec-offshore.com\/cookie-policy\/#breadcrumb\",\"itemListElement\":[{\"@type\":\"ListItem\",\"position\":1,\"name\":\"Home\",\"item\":\"https:\/\/saitec-offshore.com\/\"},{\"@type\":\"ListItem\",\"position\":2,\"name\":\"Cookie Policy\"}]},{\"@type\":\"WebSite\",\"@id\":\"https:\/\/saitec-offshore.com\/#website\",\"url\":\"https:\/\/saitec-offshore.com\/\",\"name\":\"Saitec Offshore Technologies\",\"description\":\"Concrete floating foundations for a global offshore wind industry\",\"publisher\":{\"@id\":\"https:\/\/saitec-offshore.com\/#organization\"},\"potentialAction\":[{\"@type\":\"SearchAction\",\"target\":{\"@type\":\"EntryPoint\",\"urlTemplate\":\"https:\/\/saitec-offshore.com\/?s={search_term_string}\"},\"query-input\":{\"@type\":\"PropertyValueSpecification\",\"valueRequired\":true,\"valueName\":\"search_term_string\"}}],\"inLanguage\":\"es\"},{\"@type\":\"Organization\",\"@id\":\"https:\/\/saitec-offshore.com\/#organization\",\"name\":\"Saitec Offshore\",\"url\":\"https:\/\/saitec-offshore.com\/\",\"logo\":{\"@type\":\"ImageObject\",\"inLanguage\":\"es\",\"@id\":\"https:\/\/saitec-offshore.com\/#\/schema\/logo\/image\/\",\"url\":\"https:\/\/saitec-offshore.com\/wp-content\/uploads\/2019\/10\/logo_saitec_offshore.png\",\"contentUrl\":\"https:\/\/saitec-offshore.com\/wp-content\/uploads\/2019\/10\/logo_saitec_offshore.png\",\"width\":600,\"height\":247,\"caption\":\"Saitec Offshore\"},\"image\":{\"@id\":\"https:\/\/saitec-offshore.com\/#\/schema\/logo\/image\/\"},\"sameAs\":[\"https:\/\/x.com\/saitecoffshore\",\"https:\/\/www.linkedin.com\/company\/saitec-offshore-technologies\/\",\"https:\/\/www.youtube.com\/channel\/UClhozAPoF-YWSALw9Tp1iJw\"]}]}<\/script>\n<!-- \/ Yoast SEO plugin. -->","yoast_head_json":{"title":"Cookie Policy &#8211; Saitec Offshore Technologies","robots":{"index":"noindex","follow":"nofollow"},"schema":{"@context":"https:\/\/schema.org","@graph":[{"@type":"WebPage","@id":"https:\/\/saitec-offshore.com\/cookie-policy\/","url":"https:\/\/saitec-offshore.com\/cookie-policy\/","name":"Cookie Policy &#8211; Saitec Offshore Technologies","isPartOf":{"@id":"https:\/\/saitec-offshore.com\/#website"},"datePublished":"2020-02-19T09:20:37+00:00","dateModified":"2025-06-04T08:30:52+00:00","breadcrumb":{"@id":"https:\/\/saitec-offshore.com\/cookie-policy\/#breadcrumb"},"inLanguage":"es","potentialAction":[{"@type":"ReadAction","target":["https:\/\/saitec-offshore.com\/cookie-policy\/"]}]},{"@type":"BreadcrumbList","@id":"https:\/\/saitec-offshore.com\/cookie-policy\/#breadcrumb","itemListElement":[{"@type":"ListItem","position":1,"name":"Home","item":"https:\/\/saitec-offshore.com\/"},{"@type":"ListItem","position":2,"name":"Cookie Policy"}]},{"@type":"WebSite","@id":"https:\/\/saitec-offshore.com\/#website","url":"https:\/\/saitec-offshore.com\/","name":"Saitec Offshore Technologies","description":"Concrete floating foundations for a global offshore wind industry","publisher":{"@id":"https:\/\/saitec-offshore.com\/#organization"},"potentialAction":[{"@type":"SearchAction","target":{"@type":"EntryPoint","urlTemplate":"https:\/\/saitec-offshore.com\/?s={search_term_string}"},"query-input":{"@type":"PropertyValueSpecification","valueRequired":true,"valueName":"search_term_string"}}],"inLanguage":"es"},{"@type":"Organization","@id":"https:\/\/saitec-offshore.com\/#organization","name":"Saitec Offshore","url":"https:\/\/saitec-offshore.com\/","logo":{"@type":"ImageObject","inLanguage":"es","@id":"https:\/\/saitec-offshore.com\/#\/schema\/logo\/image\/","url":"https:\/\/saitec-offshore.com\/wp-content\/uploads\/2019\/10\/logo_saitec_offshore.png","contentUrl":"https:\/\/saitec-offshore.com\/wp-content\/uploads\/2019\/10\/logo_saitec_offshore.png","width":600,"height":247,"caption":"Saitec Offshore"},"image":{"@id":"https:\/\/saitec-offshore.com\/#\/schema\/logo\/image\/"},"sameAs":["https:\/\/x.com\/saitecoffshore","https:\/\/www.linkedin.com\/company\/saitec-offshore-technologies\/","https:\/\/www.youtube.com\/channel\/UClhozAPoF-YWSALw9Tp1iJw"]}]}},"_links":{"self":[{"href":"https:\/\/saitec-offshore.com\/es\/wp-json\/wp\/v2\/pages\/620"}],"collection":[{"href":"https:\/\/saitec-offshore.com\/es\/wp-json\/wp\/v2\/pages"}],"about":[{"href":"https:\/\/saitec-offshore.com\/es\/wp-json\/wp\/v2\/types\/page"}],"author":[{"embeddable":true,"href":"https:\/\/saitec-offshore.com\/es\/wp-json\/wp\/v2\/users\/1"}],"replies":[{"embeddable":true,"href":"https:\/\/saitec-offshore.com\/es\/wp-json\/wp\/v2\/comments?post=620"}],"version-history":[{"count":1,"href":"https:\/\/saitec-offshore.com\/es\/wp-json\/wp\/v2\/pages\/620\/revisions"}],"predecessor-version":[{"id":18252,"href":"https:\/\/saitec-offshore.com\/es\/wp-json\/wp\/v2\/pages\/620\/revisions\/18252"}],"wp:attachment":[{"href":"https:\/\/saitec-offshore.com\/es\/wp-json\/wp\/v2\/media?parent=620"}],"curies":[{"name":"wp","href":"https:\/\/api.w.org\/{rel}","templated":true}]}}