{"id":721,"date":"2020-03-31T14:08:50","date_gmt":"2020-03-31T12:08:50","guid":{"rendered":"https:\/\/saitec-offshore.com\/?page_id=721"},"modified":"2025-06-04T10:32:01","modified_gmt":"2025-06-04T08:32:01","slug":"terms-and-conditions","status":"publish","type":"page","link":"https:\/\/saitec-offshore.com\/es\/terms-and-conditions\/","title":{"rendered":"T\u00e9rminos y condiciones"},"content":{"rendered":"<p>Este sitio web <a href=\"https:\/\/saitec-offshore.com\/es\/\">www.saitec-offshore.com<\/a> y todos los subdominios del sitio son propiedad y est\u00e1n gestionados por Saitec Offshore Technologies SL ('La Compa\u00f1\u00eda'). Antes de acceder, debe aceptar estos T\u00e9rminos y Condiciones y la <a href=\"https:\/\/saitec-offshore.com\/es\/privacy-policy\/\">Pol\u00edtica de privacidad<\/a>.<\/p>\n\n\n\n<p>La Compa\u00f1\u00eda se reserva el derecho, a su discreci\u00f3n, de cambiar, modificar, agregar o eliminar estos T\u00e9rminos de servicio y su Pol\u00edtica de privacidad en cualquier momento. Se considerar\u00e1 que ha aceptado los cambios si contin\u00faa utilizando el servicio.<\/p>\n\n\n\n<p>La siguiente terminolog\u00eda se aplica a estos T\u00e9rminos y condiciones: &#039;Usted&#039; se refiere a usted, la persona en este sitio web y que cumple con los t\u00e9rminos y condiciones de la Compa\u00f1\u00eda. &#039;La Compa\u00f1\u00eda&#039; o &#039;Nosotros&#039; se refiere a nuestra Compa\u00f1\u00eda. <\/p>\n\n\n\n<p>Usted acepta utilizar el sitio web y los servicios solo para los fines permitidos por estos T\u00e9rminos y condiciones, as\u00ed como por cualquier ley, regulaci\u00f3n o pr\u00e1cticas o pautas generalmente aceptadas aplicables en las jurisdicciones correspondientes.<\/p>\n\n\n\n<p><strong>Use of the website<\/strong><\/p>\n\n\n\n<p>Puede usar el sitio web, la informaci\u00f3n, los art\u00edculos, las im\u00e1genes y\/o cualquier otro para fines no comerciales y \u00fanicamente de conformidad con estos T\u00e9rminos de uso.<\/p>\n\n\n\n<p><strong>Cookies<\/strong><\/p>\n\n\n\n<p>Empleamos el uso de cookies. Al acceder <a href=\"https:\/\/saitec-offshore.com\/es\/\">www.saitec-offshore.com<\/a> , aceptaste usar cookies de acuerdo con la Compa\u00f1\u00eda <a href=\"https:\/\/saitec-offshore.com\/es\/cookie-policy\/\">Pol\u00edtica de cookies<\/a>.<\/p>\n\n\n\n<p>La mayor\u00eda de los sitios web interactivos utilizan cookies para permitirnos recopilar los detalles del usuario para cada visita. Nuestro sitio web utiliza cookies para habilitar la funcionalidad de ciertas \u00e1reas para que sea m\u00e1s f\u00e1cil para las personas que visitan nuestro sitio web. <\/p>\n\n\n\n<p><strong>Derechos de propiedad intelectual<\/strong><\/p>\n\n\n\n<p>Saitec Offshore Technologies posee los derechos de propiedad intelectual de todo el material del sitio web. Todos los derechos de propiedad intelectual est\u00e1n reservados. Puede acceder a esto desde el sitio web para su uso personal sujeto a las restricciones establecidas en estos t\u00e9rminos y condiciones.<\/p>\n\n\n\n<p>No debes:<\/p>\n\n\n\n<ul class=\"wp-block-list\">\n<li>Volver a publicar material del sitio web de Saitec Offshore Technologies<\/li>\n\n\n\n<li>Sell, rent or sub-license material from Saitec Offshore Technologies<br>sitio web<\/li>\n\n\n\n<li>Reproduce, duplicate or copy material from Saitec Offshore Technologies<br>sitio web<\/li>\n\n\n\n<li>Redistribuir contenido del sitio web de Saitec Offshore Technologies<\/li>\n<\/ul>\n\n\n\n<p>In case you are interested in publishing information from this website, please contact us before sending an e-mail to: <a href=\"mailto:saitec@saitecoffshore.com\">saitec.offshore@saitec-offshore.com<\/a><\/p>\n\n\n\n<p><strong>Vinculaci\u00f3n al sitio<\/strong><\/p>\n\n\n\n<p>Podemos considerar y aprobar solicitudes de enlace. Si est\u00e1 interesado en enlazar a nuestro sitio web, debe informarnos enviando un correo electr\u00f3nico a: <a href=\"mailto:saitec@saitecoffshore.com\">saitec.offshore@saitec-offshore.com<\/a><\/p>\n\n\n\n<div style=\"height:39px\" aria-hidden=\"true\" class=\"wp-block-spacer\"><\/div>","protected":false},"excerpt":{"rendered":"<p>This website www.saitec-offshore.com and all sub domains of the site are owned and operated by Saitec Offshore Technologies<span class=\"excerpt-hellip\"> [\u2026]<\/span><\/p>","protected":false},"author":1,"featured_media":0,"parent":0,"menu_order":0,"comment_status":"closed","ping_status":"closed","template":"","meta":{"inline_featured_image":false,"footnotes":""},"class_list":["post-721","page","type-page","status-publish","hentry"],"yoast_head":"<!-- This site is optimized with the Yoast SEO plugin v24.4 - https:\/\/yoast.com\/wordpress\/plugins\/seo\/ -->\n<title>Terms and conditions &#8211; Saitec Offshore Technologies<\/title>\n<meta name=\"robots\" content=\"noindex, nofollow\" \/>\n<script type=\"application\/ld+json\" class=\"yoast-schema-graph\">{\"@context\":\"https:\/\/schema.org\",\"@graph\":[{\"@type\":\"WebPage\",\"@id\":\"https:\/\/saitec-offshore.com\/terms-and-conditions\/\",\"url\":\"https:\/\/saitec-offshore.com\/terms-and-conditions\/\",\"name\":\"Terms and conditions &#8211; Saitec Offshore Technologies\",\"isPartOf\":{\"@id\":\"https:\/\/saitec-offshore.com\/#website\"},\"datePublished\":\"2020-03-31T12:08:50+00:00\",\"dateModified\":\"2025-06-04T08:32:01+00:00\",\"breadcrumb\":{\"@id\":\"https:\/\/saitec-offshore.com\/terms-and-conditions\/#breadcrumb\"},\"inLanguage\":\"es\",\"potentialAction\":[{\"@type\":\"ReadAction\",\"target\":[\"https:\/\/saitec-offshore.com\/terms-and-conditions\/\"]}]},{\"@type\":\"BreadcrumbList\",\"@id\":\"https:\/\/saitec-offshore.com\/terms-and-conditions\/#breadcrumb\",\"itemListElement\":[{\"@type\":\"ListItem\",\"position\":1,\"name\":\"Home\",\"item\":\"https:\/\/saitec-offshore.com\/\"},{\"@type\":\"ListItem\",\"position\":2,\"name\":\"Terms and conditions\"}]},{\"@type\":\"WebSite\",\"@id\":\"https:\/\/saitec-offshore.com\/#website\",\"url\":\"https:\/\/saitec-offshore.com\/\",\"name\":\"Saitec Offshore Technologies\",\"description\":\"Concrete floating foundations for a global offshore wind industry\",\"publisher\":{\"@id\":\"https:\/\/saitec-offshore.com\/#organization\"},\"potentialAction\":[{\"@type\":\"SearchAction\",\"target\":{\"@type\":\"EntryPoint\",\"urlTemplate\":\"https:\/\/saitec-offshore.com\/?s={search_term_string}\"},\"query-input\":{\"@type\":\"PropertyValueSpecification\",\"valueRequired\":true,\"valueName\":\"search_term_string\"}}],\"inLanguage\":\"es\"},{\"@type\":\"Organization\",\"@id\":\"https:\/\/saitec-offshore.com\/#organization\",\"name\":\"Saitec Offshore\",\"url\":\"https:\/\/saitec-offshore.com\/\",\"logo\":{\"@type\":\"ImageObject\",\"inLanguage\":\"es\",\"@id\":\"https:\/\/saitec-offshore.com\/#\/schema\/logo\/image\/\",\"url\":\"https:\/\/saitec-offshore.com\/wp-content\/uploads\/2019\/10\/logo_saitec_offshore.png\",\"contentUrl\":\"https:\/\/saitec-offshore.com\/wp-content\/uploads\/2019\/10\/logo_saitec_offshore.png\",\"width\":600,\"height\":247,\"caption\":\"Saitec Offshore\"},\"image\":{\"@id\":\"https:\/\/saitec-offshore.com\/#\/schema\/logo\/image\/\"},\"sameAs\":[\"https:\/\/x.com\/saitecoffshore\",\"https:\/\/www.linkedin.com\/company\/saitec-offshore-technologies\/\",\"https:\/\/www.youtube.com\/channel\/UClhozAPoF-YWSALw9Tp1iJw\"]}]}<\/script>\n<!-- \/ Yoast SEO plugin. -->","yoast_head_json":{"title":"Terms and conditions &#8211; Saitec Offshore Technologies","robots":{"index":"noindex","follow":"nofollow"},"schema":{"@context":"https:\/\/schema.org","@graph":[{"@type":"WebPage","@id":"https:\/\/saitec-offshore.com\/terms-and-conditions\/","url":"https:\/\/saitec-offshore.com\/terms-and-conditions\/","name":"Terms and conditions &#8211; Saitec Offshore Technologies","isPartOf":{"@id":"https:\/\/saitec-offshore.com\/#website"},"datePublished":"2020-03-31T12:08:50+00:00","dateModified":"2025-06-04T08:32:01+00:00","breadcrumb":{"@id":"https:\/\/saitec-offshore.com\/terms-and-conditions\/#breadcrumb"},"inLanguage":"es","potentialAction":[{"@type":"ReadAction","target":["https:\/\/saitec-offshore.com\/terms-and-conditions\/"]}]},{"@type":"BreadcrumbList","@id":"https:\/\/saitec-offshore.com\/terms-and-conditions\/#breadcrumb","itemListElement":[{"@type":"ListItem","position":1,"name":"Home","item":"https:\/\/saitec-offshore.com\/"},{"@type":"ListItem","position":2,"name":"Terms and conditions"}]},{"@type":"WebSite","@id":"https:\/\/saitec-offshore.com\/#website","url":"https:\/\/saitec-offshore.com\/","name":"Saitec Offshore Technologies","description":"Concrete floating foundations for a global offshore wind industry","publisher":{"@id":"https:\/\/saitec-offshore.com\/#organization"},"potentialAction":[{"@type":"SearchAction","target":{"@type":"EntryPoint","urlTemplate":"https:\/\/saitec-offshore.com\/?s={search_term_string}"},"query-input":{"@type":"PropertyValueSpecification","valueRequired":true,"valueName":"search_term_string"}}],"inLanguage":"es"},{"@type":"Organization","@id":"https:\/\/saitec-offshore.com\/#organization","name":"Saitec Offshore","url":"https:\/\/saitec-offshore.com\/","logo":{"@type":"ImageObject","inLanguage":"es","@id":"https:\/\/saitec-offshore.com\/#\/schema\/logo\/image\/","url":"https:\/\/saitec-offshore.com\/wp-content\/uploads\/2019\/10\/logo_saitec_offshore.png","contentUrl":"https:\/\/saitec-offshore.com\/wp-content\/uploads\/2019\/10\/logo_saitec_offshore.png","width":600,"height":247,"caption":"Saitec Offshore"},"image":{"@id":"https:\/\/saitec-offshore.com\/#\/schema\/logo\/image\/"},"sameAs":["https:\/\/x.com\/saitecoffshore","https:\/\/www.linkedin.com\/company\/saitec-offshore-technologies\/","https:\/\/www.youtube.com\/channel\/UClhozAPoF-YWSALw9Tp1iJw"]}]}},"_links":{"self":[{"href":"https:\/\/saitec-offshore.com\/es\/wp-json\/wp\/v2\/pages\/721"}],"collection":[{"href":"https:\/\/saitec-offshore.com\/es\/wp-json\/wp\/v2\/pages"}],"about":[{"href":"https:\/\/saitec-offshore.com\/es\/wp-json\/wp\/v2\/types\/page"}],"author":[{"embeddable":true,"href":"https:\/\/saitec-offshore.com\/es\/wp-json\/wp\/v2\/users\/1"}],"replies":[{"embeddable":true,"href":"https:\/\/saitec-offshore.com\/es\/wp-json\/wp\/v2\/comments?post=721"}],"version-history":[{"count":1,"href":"https:\/\/saitec-offshore.com\/es\/wp-json\/wp\/v2\/pages\/721\/revisions"}],"predecessor-version":[{"id":18253,"href":"https:\/\/saitec-offshore.com\/es\/wp-json\/wp\/v2\/pages\/721\/revisions\/18253"}],"wp:attachment":[{"href":"https:\/\/saitec-offshore.com\/es\/wp-json\/wp\/v2\/media?parent=721"}],"curies":[{"name":"wp","href":"https:\/\/api.w.org\/{rel}","templated":true}]}}